{"id":16,"date":"2024-08-15T20:11:08","date_gmt":"2024-08-15T20:11:08","guid":{"rendered":"https:\/\/blockchain-website.com\/?page_id=16"},"modified":"2025-10-28T23:26:17","modified_gmt":"2025-10-28T21:26:17","slug":"imprint","status":"publish","type":"page","link":"https:\/\/blockchain-website.com\/en\/imprint\/","title":{"rendered":"Imprint"},"content":{"rendered":"<div data-elementor-type=\"wp-page\" data-elementor-id=\"16\" class=\"elementor elementor-16\" data-elementor-post-type=\"page\">\n\t\t\t\t<div class=\"elementor-element elementor-element-8d36f54 e-flex e-con-boxed e-con e-parent\" data-id=\"8d36f54\" data-element_type=\"container\" data-e-type=\"container\">\n\t\t\t\t\t<div class=\"e-con-inner\">\n\t\t\t\t<div class=\"elementor-element elementor-element-5beb7ec elementor-widget elementor-widget-text-editor\" data-id=\"5beb7ec\" data-element_type=\"widget\" data-e-type=\"widget\" data-widget_type=\"text-editor.default\">\n\t\t\t\t<div class=\"elementor-widget-container\">\n\t\t\t\t\t\t\t\t\t<h1>Imprint<\/h1><p>Information according to \u00a7 5 TMG:<\/p><p><strong>UhuPay GmbH<br \/><\/strong>Mergenthalerallee 73-75<br \/>65760 Eschborn<\/p><p>Trade register:\u00a0<span lang=\"DE-DE\" xml:lang=\"DE-DE\" data-contrast=\"auto\">HRB 129074<\/span><br \/>Register court: Frankfurt am Main<\/p><p>Represented by:<br \/>Mr. Fabian Eckhart<br \/>Mr. Luca Felix Offer<\/p><p>Contact<br \/>Phone: +49 (0) 176 15988947<br \/>E-Mail: compliance@blockchain-website.com<\/p><p>E-Mail f\u00fcr Kunden-Anfragen: team@blockchain-website.com<\/p><p>Sales tax identification number according to \u00a7 27 a sales tax law:<br \/><span lang=\"DE-DE\" xml:lang=\"DE-DE\" data-contrast=\"auto\">DE357027198<\/span><\/p><p>in cooperation with<\/p><p><strong>Albatross UG (haftungsbeschr\u00e4nkt)<\/strong><br \/>Mergenthalerallee 73-75<br \/>65760 Eschborn<\/p><p>Trade register: HRB 130370<br \/>Register court: Frankfurt am Main<\/p><p>Represented by:<br \/>Mr. Fabian Eckhart<br \/>Mr. Luca Felix Offer<\/p><p>Contact<br \/>E-Mail: compliance@blockchain-website.com<\/p><p>E-Mail f\u00fcr Kunden-Anfragen: team@blockchain-website.com<\/p><p>VAT-ID:<br \/>Sales tax identification number according to \u00a7 27 a sales tax law:<br \/>DE360661992<\/p><p>Editorially responsible:<br \/>Mr. Fabian Eckhart<br \/>Mr. Luca Felix Offer<br \/>Albatross UG (haftungsbeschr\u00e4nkt)<br \/>Mergenthalerallee 73-75<br \/>65760 Eschborn<\/p><p>Consumer dispute resolution\/universal arbitration board<br \/>We are not willing or obliged to participate in dispute resolution proceedings before a consumer arbitration board.<\/p><h4>EU dispute resolution<\/h4><p class=\"translation-block\">The European Commission provides a platform for online dispute resolution (OS): <a href=\"\/\/ec.europa.eu\/consumers\/odr\/\u201d\" target=\"\u201c_blank\u201d\" rel=\"\u201cnoopener\">https:\/\/ec.europa.eu\/consumers\/odr\/<\/a>.<br>You can find our email address in the legal notice above.<\/p><h4>Consumer dispute resolution\/universal arbitration board<\/h4><p>We are not willing or obliged to participate in dispute resolution proceedings before a consumer arbitration board.<\/p>\t\t\t\t\t\t\t\t<\/div>\n\t\t\t\t<\/div>\n\t\t\t\t\t<\/div>\n\t\t\t\t<\/div>\n\t\t\t\t<\/div>","protected":false},"excerpt":{"rendered":"<p>Impressum Angaben gem\u00e4\u00df \u00a7 5 TMG: UhuPay GmbHMergenthalerallee 73-7565760 Eschborn Handelsregister:\u00a0HRB 129074Registergericht: Frankfurt am Main Vertreten durch:Herr Fabian EckhartHerr Luca Felix Offer KontaktTelefon: +49 (0) 176 15988947E-Mail: compliance@blockchain-website.com E-Mail f\u00fcr Kunden-Anfragen: team@blockchain-website.com Umsatzsteuer-Identifikationsnummer gem\u00e4\u00df \u00a7 27 a Umsatzsteuergesetz:DE357027198 in Kooperation mit Albatross UG (haftungsbeschr\u00e4nkt)Mergenthalerallee 73-7565760 Eschborn Handelsregister: HRB 130370Registergericht: Frankfurt am Main Vertreten durch:Herr Fabian [&hellip;]<\/p>\n","protected":false},"author":1,"featured_media":0,"parent":0,"menu_order":0,"comment_status":"closed","ping_status":"closed","template":"","meta":{"footnotes":""},"class_list":["post-16","page","type-page","status-publish","hentry"],"_links":{"self":[{"href":"https:\/\/blockchain-website.com\/en\/wp-json\/wp\/v2\/pages\/16","targetHints":{"allow":["GET"]}}],"collection":[{"href":"https:\/\/blockchain-website.com\/en\/wp-json\/wp\/v2\/pages"}],"about":[{"href":"https:\/\/blockchain-website.com\/en\/wp-json\/wp\/v2\/types\/page"}],"author":[{"embeddable":true,"href":"https:\/\/blockchain-website.com\/en\/wp-json\/wp\/v2\/users\/1"}],"replies":[{"embeddable":true,"href":"https:\/\/blockchain-website.com\/en\/wp-json\/wp\/v2\/comments?post=16"}],"version-history":[{"count":19,"href":"https:\/\/blockchain-website.com\/en\/wp-json\/wp\/v2\/pages\/16\/revisions"}],"predecessor-version":[{"id":1730,"href":"https:\/\/blockchain-website.com\/en\/wp-json\/wp\/v2\/pages\/16\/revisions\/1730"}],"wp:attachment":[{"href":"https:\/\/blockchain-website.com\/en\/wp-json\/wp\/v2\/media?parent=16"}],"curies":[{"name":"wp","href":"https:\/\/api.w.org\/{rel}","templated":true}]}}